{"id":25285,"date":"2022-02-10T12:19:09","date_gmt":"2022-02-10T04:19:09","guid":{"rendered":"https:\/\/www.accscicn.com\/?page_id=25285"},"modified":"2022-03-24T16:15:20","modified_gmt":"2022-03-24T08:15:20","slug":"solutions","status":"publish","type":"page","link":"https:\/\/www.accscicn.com\/es\/soluciones\/","title":{"rendered":"Soluciones"},"content":{"rendered":"<div data-elementor-type=\"wp-page\" data-elementor-id=\"25285\" class=\"elementor elementor-25285\" data-elementor-post-type=\"page\">\n\t\t\t\t\t\t<section class=\"elementor-section elementor-top-section elementor-element elementor-element-2e1bf60 elementor-section-boxed elementor-section-height-default elementor-section-height-default\" data-id=\"2e1bf60\" data-element_type=\"section\" data-settings=\"{&quot;background_background&quot;:&quot;classic&quot;}\">\n\t\t\t\t\t\t<div class=\"elementor-container elementor-column-gap-default\">\n\t\t\t\t\t<div class=\"elementor-column elementor-col-100 elementor-top-column elementor-element elementor-element-87f799e\" data-id=\"87f799e\" data-element_type=\"column\">\n\t\t\t<div class=\"elementor-widget-wrap elementor-element-populated\">\n\t\t\t\t\t\t<div class=\"elementor-element elementor-element-79c31c2 elementor-widget elementor-widget-heading\" data-id=\"79c31c2\" data-element_type=\"widget\" data-widget_type=\"heading.default\">\n\t\t\t\t<div class=\"elementor-widget-container\">\n\t\t\t<style>\/*! elementor - v3.21.0 - 20-05-2024 *\/\n.elementor-heading-title{padding:0;margin:0;line-height:1}.elementor-widget-heading .elementor-heading-title[class*=elementor-size-]>a{color:inherit;font-size:inherit;line-height:inherit}.elementor-widget-heading .elementor-heading-title.elementor-size-small{font-size:15px}.elementor-widget-heading .elementor-heading-title.elementor-size-medium{font-size:19px}.elementor-widget-heading .elementor-heading-title.elementor-size-large{font-size:29px}.elementor-widget-heading .elementor-heading-title.elementor-size-xl{font-size:39px}.elementor-widget-heading .elementor-heading-title.elementor-size-xxl{font-size:59px}<\/style><h1 class=\"elementor-heading-title elementor-size-default\">El programa m\u00e1s popular<\/h1>\t\t<\/div>\n\t\t\t\t<\/div>\n\t\t\t\t\t<\/div>\n\t\t<\/div>\n\t\t\t\t\t<\/div>\n\t\t<\/section>\n\t\t\t\t<section class=\"elementor-section elementor-top-section elementor-element elementor-element-99aa3e2 elementor-section-boxed elementor-section-height-default elementor-section-height-default\" data-id=\"99aa3e2\" data-element_type=\"section\" data-settings=\"{&quot;background_background&quot;:&quot;classic&quot;}\">\n\t\t\t\t\t\t<div class=\"elementor-container elementor-column-gap-default\">\n\t\t\t\t\t<div class=\"elementor-column elementor-col-100 elementor-top-column elementor-element elementor-element-b6ed25e\" data-id=\"b6ed25e\" data-element_type=\"column\" data-settings=\"{&quot;background_background&quot;:&quot;classic&quot;}\">\n\t\t\t<div class=\"elementor-widget-wrap elementor-element-populated\">\n\t\t\t\t\t\t<section class=\"elementor-section elementor-inner-section elementor-element elementor-element-359a01d elementor-section-boxed elementor-section-height-default elementor-section-height-default\" data-id=\"359a01d\" data-element_type=\"section\">\n\t\t\t\t\t\t<div class=\"elementor-container elementor-column-gap-default\">\n\t\t\t\t\t<div class=\"elementor-column elementor-col-50 elementor-inner-column elementor-element elementor-element-2958ec4\" data-id=\"2958ec4\" data-element_type=\"column\">\n\t\t\t<div class=\"elementor-widget-wrap elementor-element-populated\">\n\t\t\t\t\t\t<div class=\"elementor-element elementor-element-933db61 elementor-widget elementor-widget-image\" data-id=\"933db61\" data-element_type=\"widget\" data-widget_type=\"image.default\">\n\t\t\t\t<div class=\"elementor-widget-container\">\n\t\t\t<style>\/*! elementor - v3.21.0 - 20-05-2024 *\/\n.elementor-widget-image{text-align:center}.elementor-widget-image a{display:inline-block}.elementor-widget-image a img[src$=\".svg\"]{width:48px}.elementor-widget-image img{vertical-align:middle;display:inline-block}<\/style>\t\t\t\t\t\t\t\t\t\t<img decoding=\"async\" src=\"https:\/\/www.accscicn.com\/wp-content\/uploads\/elementor\/thumbs\/pexels-kindel-media-9800009-scaled-5iplnhmg337esx9utk6asjlautnqwpo3yg0kvd4zv98l4.jpg\" title=\"bater\u00eda de estado s\u00f3lido\" alt=\"bater\u00eda de estado s\u00f3lido\" loading=\"lazy\" \/>\t\t\t\t\t\t\t\t\t\t\t\t\t<\/div>\n\t\t\t\t<\/div>\n\t\t\t\t\t<\/div>\n\t\t<\/div>\n\t\t\t\t<div class=\"elementor-column elementor-col-50 elementor-inner-column elementor-element elementor-element-c59cef7\" data-id=\"c59cef7\" data-element_type=\"column\">\n\t\t\t<div class=\"elementor-widget-wrap elementor-element-populated\">\n\t\t\t\t\t\t<div class=\"elementor-element elementor-element-c87daf2 elementor-widget elementor-widget-uael-advanced-heading\" data-id=\"c87daf2\" data-element_type=\"widget\" data-widget_type=\"uael-advanced-heading.default\">\n\t\t\t\t<div class=\"elementor-widget-container\">\n\t\t\t\r\n\t\t<div class=\"uael-module-content uael-heading-wrapper\">\r\n\t\t\t\t\t\t\t\t\t\t<div class=\"uael-sub-heading elementor-inline-editing\" data-elementor-setting-key=\"sub_heading\" data-elementor-inline-editing-toolbar=\"advanced\" >Soluciones<\/div>\r\n\t\t\t\r\n\t\t\t<h2 class=\"uael-heading\">\r\n\t\t\t\t\t\t\t\t\t\t<span class=\"uael-heading-text elementor-inline-editing uael-size--default\" data-elementor-setting-key=\"heading_title\" data-elementor-inline-editing-toolbar=\"basic\">Soluciones de investigaci\u00f3n para bater\u00edas secundarias de litio de estado totalmente s\u00f3lido<\/span>\r\n\t\t\t\t\t\t\t<\/h2>\r\n\r\n\t\t\t\r\n\t\t\t\r\n\t\t\t\t\t\t\t<div class=\"uael-subheading elementor-inline-editing\" data-elementor-setting-key=\"heading_description\" data-elementor-inline-editing-toolbar=\"advanced\" >\r\n\t\t\t\t\t<p><i>14 de julio de 2021 - Las bater\u00edas secundarias de litio totalmente de estado s\u00f3lido tienen las ventajas de un buen rendimiento de seguridad, alta densidad energ\u00e9tica y larga vida de ciclo, pero al mismo tiempo hay algunos problemas urgentes que resolver, como la reducci\u00f3n de la resistencia de la interfaz s\u00f3lido-s\u00f3lido, la soluci\u00f3n de alta capacidad, alta multiplicidad y bajo cambio de volumen de metal de litio, y la preparaci\u00f3n madura de la pel\u00edcula de electrolito de estado s\u00f3lido con conductividad i\u00f3nica y propiedades mec\u00e1nicas. Por este motivo, hemos introducido soluciones avanzadas de todo el mundo...<\/i><\/p>\t\t\t\t<\/div>\r\n\t\t\t\t\r\n\t\t\t\t\t\t<\/div>\r\n\t\t\t\t<\/div>\n\t\t\t\t<\/div>\n\t\t\t\t\t<\/div>\n\t\t<\/div>\n\t\t\t\t\t<\/div>\n\t\t<\/section>\n\t\t\t\t\t<\/div>\n\t\t<\/div>\n\t\t\t\t\t<\/div>\n\t\t<\/section>\n\t\t\t\t<section class=\"elementor-section elementor-top-section elementor-element elementor-element-2231fa9 elementor-section-boxed elementor-section-height-default elementor-section-height-default\" data-id=\"2231fa9\" data-element_type=\"section\" data-settings=\"{&quot;background_background&quot;:&quot;classic&quot;}\">\n\t\t\t\t\t\t<div class=\"elementor-container elementor-column-gap-default\">\n\t\t\t\t\t<div class=\"elementor-column elementor-col-50 elementor-top-column elementor-element elementor-element-5ce6aff\" data-id=\"5ce6aff\" data-element_type=\"column\">\n\t\t\t<div class=\"elementor-widget-wrap elementor-element-populated\">\n\t\t\t\t\t\t<section class=\"elementor-section elementor-inner-section elementor-element elementor-element-ee9d1f8 elementor-section-boxed elementor-section-height-default elementor-section-height-default\" data-id=\"ee9d1f8\" data-element_type=\"section\">\n\t\t\t\t\t\t<div class=\"elementor-container elementor-column-gap-default\">\n\t\t\t\t\t<div class=\"elementor-column elementor-col-50 elementor-inner-column elementor-element elementor-element-a6a2fbb\" data-id=\"a6a2fbb\" data-element_type=\"column\">\n\t\t\t<div class=\"elementor-widget-wrap elementor-element-populated\">\n\t\t\t\t\t\t<div class=\"elementor-element elementor-element-e3562ab elementor-widget elementor-widget-image\" data-id=\"e3562ab\" data-element_type=\"widget\" data-widget_type=\"image.default\">\n\t\t\t\t<div class=\"elementor-widget-container\">\n\t\t\t\t\t\t\t\t\t\t\t\t\t<img decoding=\"async\" src=\"https:\/\/www.accscicn.com\/wp-content\/uploads\/elementor\/thumbs\/photovoltaic-system-g4f20f403d_1920-5hdxp3cx9lt92w4s2wfw6ey78t4r8tsxbgeu2wtsmp2g0.jpg\" title=\"sistema fotovoltaico\" alt=\"sistema fotovoltaico\" loading=\"lazy\" \/>\t\t\t\t\t\t\t\t\t\t\t\t\t<\/div>\n\t\t\t\t<\/div>\n\t\t\t\t\t<\/div>\n\t\t<\/div>\n\t\t\t\t<div class=\"elementor-column elementor-col-50 elementor-inner-column elementor-element elementor-element-f231777\" data-id=\"f231777\" data-element_type=\"column\">\n\t\t\t<div class=\"elementor-widget-wrap elementor-element-populated\">\n\t\t\t\t\t\t<div class=\"elementor-element elementor-element-e7a5e58 elementor-widget elementor-widget-uael-advanced-heading\" data-id=\"e7a5e58\" data-element_type=\"widget\" data-widget_type=\"uael-advanced-heading.default\">\n\t\t\t\t<div class=\"elementor-widget-container\">\n\t\t\t\r\n\t\t<div class=\"uael-module-content uael-heading-wrapper\">\r\n\t\t\t\t\t\t\t\t\t\t<div class=\"uael-sub-heading elementor-inline-editing\" data-elementor-setting-key=\"sub_heading\" data-elementor-inline-editing-toolbar=\"advanced\" >Soluciones<\/div>\r\n\t\t\t\r\n\t\t\t<h2 class=\"uael-heading\">\r\n\t\t\t\t\t\t\t\t\t\t<span class=\"uael-heading-text elementor-inline-editing uael-size--default\" data-elementor-setting-key=\"heading_title\" data-elementor-inline-editing-toolbar=\"basic\">Soluciones de c\u00e9lulas solares de calcogenuro<\/span>\r\n\t\t\t\t\t\t\t<\/h2>\r\n\r\n\t\t\t\r\n\t\t\t\r\n\t\t\t\t\t\t\t<div class=\"uael-subheading elementor-inline-editing\" data-elementor-setting-key=\"heading_description\" data-elementor-inline-editing-toolbar=\"advanced\" >\r\n\t\t\t\t\t<p><i>14 de julio de 2021 - Las c\u00e9lulas solares de calcogenuro h\u00edbrido org\u00e1nico-inorg\u00e1nico se caracterizan por un coste de fabricaci\u00f3n extremadamente bajo y una elevada eficiencia de conversi\u00f3n de potencia. Sin embargo, los defectos de las pel\u00edculas delgadas han restringido durante mucho tiempo el desarrollo de la eficiencia de conversi\u00f3n fotovoltaica y la estabilidad del dispositivo de las c\u00e9lulas solares de calcogenuro. Por lo tanto, es necesario profundizar en la comprensi\u00f3n de los defectos internos de las pel\u00edculas delgadas de calcogenuro, los defectos superficiales de la interfaz de recolecci\u00f3n de electrones y los defectos de la interfaz de recolecci\u00f3n de huecos, y adoptar estrategias de pasivaci\u00f3n espec\u00edficas para mitigar los efectos de los defectos y salvaguardar el rendimiento del dispositivo....<\/i><\/p>\t\t\t\t<\/div>\r\n\t\t\t\t\r\n\t\t\t\t\t\t<\/div>\r\n\t\t\t\t<\/div>\n\t\t\t\t<\/div>\n\t\t\t\t\t<\/div>\n\t\t<\/div>\n\t\t\t\t\t<\/div>\n\t\t<\/section>\n\t\t\t\t\t<\/div>\n\t\t<\/div>\n\t\t\t\t<div class=\"elementor-column elementor-col-50 elementor-top-column elementor-element elementor-element-9bb8d66\" data-id=\"9bb8d66\" data-element_type=\"column\">\n\t\t\t<div class=\"elementor-widget-wrap elementor-element-populated\">\n\t\t\t\t\t\t<section class=\"elementor-section elementor-inner-section elementor-element elementor-element-3fc7bbc elementor-section-boxed elementor-section-height-default elementor-section-height-default\" data-id=\"3fc7bbc\" data-element_type=\"section\">\n\t\t\t\t\t\t<div class=\"elementor-container elementor-column-gap-default\">\n\t\t\t\t\t<div class=\"elementor-column elementor-col-50 elementor-inner-column elementor-element elementor-element-25cf77e\" data-id=\"25cf77e\" data-element_type=\"column\">\n\t\t\t<div class=\"elementor-widget-wrap elementor-element-populated\">\n\t\t\t\t\t\t<div class=\"elementor-element elementor-element-6d210cb elementor-widget elementor-widget-image\" data-id=\"6d210cb\" data-element_type=\"widget\" data-widget_type=\"image.default\">\n\t\t\t\t<div class=\"elementor-widget-container\">\n\t\t\t\t\t\t\t\t\t\t\t\t\t<img decoding=\"async\" src=\"https:\/\/www.accscicn.com\/wp-content\/uploads\/elementor\/thumbs\/call-to-action-1536x1536_\u770b\u56fe\u738b.web_-5izbajzw133fyely0hhbco1zlhlhoghud54w8szpgh38g.png\" title=\"call-to-action-1536x1536_Looking-King.web\" alt=\"call-to-action-1536x1536_Looking-King.web\" loading=\"lazy\" \/>\t\t\t\t\t\t\t\t\t\t\t\t\t<\/div>\n\t\t\t\t<\/div>\n\t\t\t\t\t<\/div>\n\t\t<\/div>\n\t\t\t\t<div class=\"elementor-column elementor-col-50 elementor-inner-column elementor-element elementor-element-6771676\" data-id=\"6771676\" data-element_type=\"column\">\n\t\t\t<div class=\"elementor-widget-wrap elementor-element-populated\">\n\t\t\t\t\t\t<div class=\"elementor-element elementor-element-a524026 elementor-widget elementor-widget-uael-advanced-heading\" data-id=\"a524026\" data-element_type=\"widget\" data-widget_type=\"uael-advanced-heading.default\">\n\t\t\t\t<div class=\"elementor-widget-container\">\n\t\t\t\r\n\t\t<div class=\"uael-module-content uael-heading-wrapper\">\r\n\t\t\t\t\t\t\t\t\t\t<div class=\"uael-sub-heading elementor-inline-editing\" data-elementor-setting-key=\"sub_heading\" data-elementor-inline-editing-toolbar=\"advanced\" >Soluciones<\/div>\r\n\t\t\t\r\n\t\t\t<h2 class=\"uael-heading\">\r\n\t\t\t\t\t\t\t\t\t\t<span class=\"uael-heading-text elementor-inline-editing uael-size--default\" data-elementor-setting-key=\"heading_title\" data-elementor-inline-editing-toolbar=\"basic\">Dispensaci\u00f3n autom\u00e1tica | Dispensaci\u00f3n | Soluciones de pipeteo<\/span>\r\n\t\t\t\t\t\t\t<\/h2>\r\n\r\n\t\t\t\r\n\t\t\t\r\n\t\t\t\t\t\t\t<div class=\"uael-subheading elementor-inline-editing\" data-elementor-setting-key=\"heading_description\" data-elementor-inline-editing-toolbar=\"advanced\" >\r\n\t\t\t\t\t<p><i>14 de julio de 2021 - Los microdosificadores de reactivos FORMULATRIX\u00ae ofrecen a los investigadores la dosificaci\u00f3n m\u00e1s precisa y eficaz de enzimas, tampones y compuestos para obtener resultados fiables...<\/i><\/p>\t\t\t\t<\/div>\r\n\t\t\t\t\r\n\t\t\t\t\t\t<\/div>\r\n\t\t\t\t<\/div>\n\t\t\t\t<\/div>\n\t\t\t\t\t<\/div>\n\t\t<\/div>\n\t\t\t\t\t<\/div>\n\t\t<\/section>\n\t\t\t\t\t<\/div>\n\t\t<\/div>\n\t\t\t\t\t<\/div>\n\t\t<\/section>\n\t\t\t\t<section class=\"elementor-section elementor-top-section elementor-element elementor-element-a531b63 elementor-section-boxed elementor-section-height-default elementor-section-height-default\" data-id=\"a531b63\" data-element_type=\"section\" data-settings=\"{&quot;background_background&quot;:&quot;classic&quot;}\">\n\t\t\t\t\t\t<div class=\"elementor-container elementor-column-gap-default\">\n\t\t\t\t\t<div class=\"elementor-column elementor-col-100 elementor-top-column elementor-element elementor-element-620827d\" data-id=\"620827d\" data-element_type=\"column\">\n\t\t\t<div class=\"elementor-widget-wrap\">\n\t\t\t\t\t\t\t<\/div>\n\t\t<\/div>\n\t\t\t\t\t<\/div>\n\t\t<\/section>\n\t\t\t\t<\/div>","protected":false},"excerpt":{"rendered":"<p>\u6700\u53d7\u6b22\u8fce\u7684\u65b9\u6848 \u89e3\u51b3\u65b9\u6848 \u5168\u56fa\u6001\u9502\u4e8c\u6b21\u7535 [&hellip;]<\/p>","protected":false},"author":1,"featured_media":0,"parent":0,"menu_order":0,"comment_status":"closed","ping_status":"closed","template":"","meta":{"site-sidebar-layout":"no-sidebar","site-content-layout":"page-builder","ast-site-content-layout":"","site-content-style":"default","site-sidebar-style":"default","ast-global-header-display":"","ast-banner-title-visibility":"","ast-main-header-display":"","ast-hfb-above-header-display":"","ast-hfb-below-header-display":"","ast-hfb-mobile-header-display":"","site-post-title":"disabled","ast-breadcrumbs-content":"","ast-featured-img":"disabled","footer-sml-layout":"","theme-transparent-header-meta":"","adv-header-id-meta":"","stick-header-meta":"","header-above-stick-meta":"","header-main-stick-meta":"","header-below-stick-meta":"","astra-migrate-meta-layouts":"default","ast-page-background-enabled":"default","ast-page-background-meta":{"desktop":{"background-color":"var(--ast-global-color-4)","background-image":"","background-repeat":"repeat","background-position":"center center","background-size":"auto","background-attachment":"scroll","background-type":"","background-media":"","overlay-type":"","overlay-color":"","overlay-opacity":"","overlay-gradient":""},"tablet":{"background-color":"","background-image":"","background-repeat":"repeat","background-position":"center center","background-size":"auto","background-attachment":"scroll","background-type":"","background-media":"","overlay-type":"","overlay-color":"","overlay-opacity":"","overlay-gradient":""},"mobile":{"background-color":"","background-image":"","background-repeat":"repeat","background-position":"center center","background-size":"auto","background-attachment":"scroll","background-type":"","background-media":"","overlay-type":"","overlay-color":"","overlay-opacity":"","overlay-gradient":""}},"ast-content-background-meta":{"desktop":{"background-color":"var(--ast-global-color-5)","background-image":"","background-repeat":"repeat","background-position":"center center","background-size":"auto","background-attachment":"scroll","background-type":"","background-media":"","overlay-type":"","overlay-color":"","overlay-opacity":"","overlay-gradient":""},"tablet":{"background-color":"var(--ast-global-color-5)","background-image":"","background-repeat":"repeat","background-position":"center center","background-size":"auto","background-attachment":"scroll","background-type":"","background-media":"","overlay-type":"","overlay-color":"","overlay-opacity":"","overlay-gradient":""},"mobile":{"background-color":"var(--ast-global-color-5)","background-image":"","background-repeat":"repeat","background-position":"center center","background-size":"auto","background-attachment":"scroll","background-type":"","background-media":"","overlay-type":"","overlay-color":"","overlay-opacity":"","overlay-gradient":""}},"footnotes":""},"categories":[15],"tags":[],"class_list":["post-25285","page","type-page","status-publish","hentry","category-solutions"],"yoast_head":"<!-- This site is optimized with the Yoast SEO Premium plugin v21.9 (Yoast SEO v22.7) - https:\/\/yoast.com\/wordpress\/plugins\/seo\/ -->\n<title>\u89e3\u51b3\u65b9\u6848 -<\/title>\n<meta name=\"robots\" content=\"index, follow, max-snippet:-1, max-image-preview:large, max-video-preview:-1\" \/>\n<link rel=\"canonical\" href=\"https:\/\/www.accscicn.com\/es\/soluciones\/\" \/>\n<meta property=\"og:locale\" content=\"es_ES\" \/>\n<meta property=\"og:type\" content=\"article\" \/>\n<meta property=\"og:title\" content=\"\u89e3\u51b3\u65b9\u6848\" \/>\n<meta property=\"og:description\" content=\"\u6700\u53d7\u6b22\u8fce\u7684\u65b9\u6848 \u89e3\u51b3\u65b9\u6848 \u5168\u56fa\u6001\u9502\u4e8c\u6b21\u7535 [&hellip;]\" \/>\n<meta property=\"og:url\" content=\"https:\/\/www.accscicn.com\/es\/soluciones\/\" \/>\n<meta property=\"article:modified_time\" content=\"2022-03-24T08:15:20+00:00\" \/>\n<meta property=\"og:image\" content=\"https:\/\/www.accscicn.com\/wp-content\/uploads\/elementor\/thumbs\/pexels-kindel-media-9800009-scaled-5hdxk3ihy0zo9j8bp33s5nd5sibrtnglbx8mvyy69xiuw.jpg\" \/>\n<meta name=\"twitter:card\" content=\"summary_large_image\" \/>\n<meta name=\"twitter:label1\" content=\"Tiempo de lectura\" \/>\n\t<meta name=\"twitter:data1\" content=\"1 minuto\" \/>\n<script type=\"application\/ld+json\" class=\"yoast-schema-graph\">{\"@context\":\"https:\/\/schema.org\",\"@graph\":[{\"@type\":\"WebPage\",\"@id\":\"https:\/\/www.accscicn.com\/solutions\/\",\"url\":\"https:\/\/www.accscicn.com\/solutions\/\",\"name\":\"\u89e3\u51b3\u65b9\u6848 -\",\"isPartOf\":{\"@id\":\"https:\/\/www.accscicn.com\/#website\"},\"primaryImageOfPage\":{\"@id\":\"https:\/\/www.accscicn.com\/solutions\/#primaryimage\"},\"image\":{\"@id\":\"https:\/\/www.accscicn.com\/solutions\/#primaryimage\"},\"thumbnailUrl\":\"https:\/\/www.accscicn.com\/wp-content\/uploads\/elementor\/thumbs\/pexels-kindel-media-9800009-scaled-5hdxk3ihy0zo9j8bp33s5nd5sibrtnglbx8mvyy69xiuw.jpg\",\"datePublished\":\"2022-02-10T04:19:09+00:00\",\"dateModified\":\"2022-03-24T08:15:20+00:00\",\"breadcrumb\":{\"@id\":\"https:\/\/www.accscicn.com\/solutions\/#breadcrumb\"},\"inLanguage\":\"es\",\"potentialAction\":[{\"@type\":\"ReadAction\",\"target\":[\"https:\/\/www.accscicn.com\/solutions\/\"]}]},{\"@type\":\"ImageObject\",\"inLanguage\":\"es\",\"@id\":\"https:\/\/www.accscicn.com\/solutions\/#primaryimage\",\"url\":\"https:\/\/www.accscicn.com\/wp-content\/uploads\/elementor\/thumbs\/pexels-kindel-media-9800009-scaled-5hdxk3ihy0zo9j8bp33s5nd5sibrtnglbx8mvyy69xiuw.jpg\",\"contentUrl\":\"https:\/\/www.accscicn.com\/wp-content\/uploads\/elementor\/thumbs\/pexels-kindel-media-9800009-scaled-5hdxk3ihy0zo9j8bp33s5nd5sibrtnglbx8mvyy69xiuw.jpg\"},{\"@type\":\"BreadcrumbList\",\"@id\":\"https:\/\/www.accscicn.com\/solutions\/#breadcrumb\",\"itemListElement\":[{\"@type\":\"ListItem\",\"position\":1,\"name\":\"\u9996\u9875\",\"item\":\"https:\/\/www.accscicn.com\/\"},{\"@type\":\"ListItem\",\"position\":2,\"name\":\"\u89e3\u51b3\u65b9\u6848\"}]},{\"@type\":\"WebSite\",\"@id\":\"https:\/\/www.accscicn.com\/#website\",\"url\":\"https:\/\/www.accscicn.com\/\",\"name\":\"\",\"description\":\"We transform tomorrow\",\"publisher\":{\"@id\":\"https:\/\/www.accscicn.com\/#organization\"},\"potentialAction\":[{\"@type\":\"SearchAction\",\"target\":{\"@type\":\"EntryPoint\",\"urlTemplate\":\"https:\/\/www.accscicn.com\/?s={search_term_string}\"},\"query-input\":\"required name=search_term_string\"}],\"inLanguage\":\"es\"},{\"@type\":\"Organization\",\"@id\":\"https:\/\/www.accscicn.com\/#organization\",\"name\":\"\u4e0a\u6d77\u82f1\u751f\u7535\u5b50\u79d1\u6280\u6709\u9650\u516c\u53f8\",\"url\":\"https:\/\/www.accscicn.com\/\",\"logo\":{\"@type\":\"ImageObject\",\"inLanguage\":\"es\",\"@id\":\"https:\/\/www.accscicn.com\/#\/schema\/logo\/image\/\",\"url\":\"https:\/\/www.accscicn.com\/wp-content\/uploads\/2022\/02\/cropped-logo-1.png\",\"contentUrl\":\"https:\/\/www.accscicn.com\/wp-content\/uploads\/2022\/02\/cropped-logo-1.png\",\"width\":512,\"height\":512,\"caption\":\"\u4e0a\u6d77\u82f1\u751f\u7535\u5b50\u79d1\u6280\u6709\u9650\u516c\u53f8\"},\"image\":{\"@id\":\"https:\/\/www.accscicn.com\/#\/schema\/logo\/image\/\"}}]}<\/script>\n<!-- \/ Yoast SEO Premium plugin. -->","yoast_head_json":{"title":"\u89e3\u51b3\u65b9\u6848 -","robots":{"index":"index","follow":"follow","max-snippet":"max-snippet:-1","max-image-preview":"max-image-preview:large","max-video-preview":"max-video-preview:-1"},"canonical":"https:\/\/www.accscicn.com\/es\/soluciones\/","og_locale":"es_ES","og_type":"article","og_title":"\u89e3\u51b3\u65b9\u6848","og_description":"\u6700\u53d7\u6b22\u8fce\u7684\u65b9\u6848 \u89e3\u51b3\u65b9\u6848 \u5168\u56fa\u6001\u9502\u4e8c\u6b21\u7535 [&hellip;]","og_url":"https:\/\/www.accscicn.com\/es\/soluciones\/","article_modified_time":"2022-03-24T08:15:20+00:00","og_image":[{"url":"https:\/\/www.accscicn.com\/wp-content\/uploads\/elementor\/thumbs\/pexels-kindel-media-9800009-scaled-5hdxk3ihy0zo9j8bp33s5nd5sibrtnglbx8mvyy69xiuw.jpg"}],"twitter_card":"summary_large_image","twitter_misc":{"Tiempo de lectura":"1 minuto"},"schema":{"@context":"https:\/\/schema.org","@graph":[{"@type":"WebPage","@id":"https:\/\/www.accscicn.com\/solutions\/","url":"https:\/\/www.accscicn.com\/solutions\/","name":"\u89e3\u51b3\u65b9\u6848 -","isPartOf":{"@id":"https:\/\/www.accscicn.com\/#website"},"primaryImageOfPage":{"@id":"https:\/\/www.accscicn.com\/solutions\/#primaryimage"},"image":{"@id":"https:\/\/www.accscicn.com\/solutions\/#primaryimage"},"thumbnailUrl":"https:\/\/www.accscicn.com\/wp-content\/uploads\/elementor\/thumbs\/pexels-kindel-media-9800009-scaled-5hdxk3ihy0zo9j8bp33s5nd5sibrtnglbx8mvyy69xiuw.jpg","datePublished":"2022-02-10T04:19:09+00:00","dateModified":"2022-03-24T08:15:20+00:00","breadcrumb":{"@id":"https:\/\/www.accscicn.com\/solutions\/#breadcrumb"},"inLanguage":"es","potentialAction":[{"@type":"ReadAction","target":["https:\/\/www.accscicn.com\/solutions\/"]}]},{"@type":"ImageObject","inLanguage":"es","@id":"https:\/\/www.accscicn.com\/solutions\/#primaryimage","url":"https:\/\/www.accscicn.com\/wp-content\/uploads\/elementor\/thumbs\/pexels-kindel-media-9800009-scaled-5hdxk3ihy0zo9j8bp33s5nd5sibrtnglbx8mvyy69xiuw.jpg","contentUrl":"https:\/\/www.accscicn.com\/wp-content\/uploads\/elementor\/thumbs\/pexels-kindel-media-9800009-scaled-5hdxk3ihy0zo9j8bp33s5nd5sibrtnglbx8mvyy69xiuw.jpg"},{"@type":"BreadcrumbList","@id":"https:\/\/www.accscicn.com\/solutions\/#breadcrumb","itemListElement":[{"@type":"ListItem","position":1,"name":"\u9996\u9875","item":"https:\/\/www.accscicn.com\/"},{"@type":"ListItem","position":2,"name":"\u89e3\u51b3\u65b9\u6848"}]},{"@type":"WebSite","@id":"https:\/\/www.accscicn.com\/#website","url":"https:\/\/www.accscicn.com\/","name":"","description":"We transform tomorrow","publisher":{"@id":"https:\/\/www.accscicn.com\/#organization"},"potentialAction":[{"@type":"SearchAction","target":{"@type":"EntryPoint","urlTemplate":"https:\/\/www.accscicn.com\/?s={search_term_string}"},"query-input":"required name=search_term_string"}],"inLanguage":"es"},{"@type":"Organization","@id":"https:\/\/www.accscicn.com\/#organization","name":"\u4e0a\u6d77\u82f1\u751f\u7535\u5b50\u79d1\u6280\u6709\u9650\u516c\u53f8","url":"https:\/\/www.accscicn.com\/","logo":{"@type":"ImageObject","inLanguage":"es","@id":"https:\/\/www.accscicn.com\/#\/schema\/logo\/image\/","url":"https:\/\/www.accscicn.com\/wp-content\/uploads\/2022\/02\/cropped-logo-1.png","contentUrl":"https:\/\/www.accscicn.com\/wp-content\/uploads\/2022\/02\/cropped-logo-1.png","width":512,"height":512,"caption":"\u4e0a\u6d77\u82f1\u751f\u7535\u5b50\u79d1\u6280\u6709\u9650\u516c\u53f8"},"image":{"@id":"https:\/\/www.accscicn.com\/#\/schema\/logo\/image\/"}}]}},"_links":{"self":[{"href":"https:\/\/www.accscicn.com\/es\/wp-json\/wp\/v2\/pages\/25285","targetHints":{"allow":["GET"]}}],"collection":[{"href":"https:\/\/www.accscicn.com\/es\/wp-json\/wp\/v2\/pages"}],"about":[{"href":"https:\/\/www.accscicn.com\/es\/wp-json\/wp\/v2\/types\/page"}],"author":[{"embeddable":true,"href":"https:\/\/www.accscicn.com\/es\/wp-json\/wp\/v2\/users\/1"}],"replies":[{"embeddable":true,"href":"https:\/\/www.accscicn.com\/es\/wp-json\/wp\/v2\/comments?post=25285"}],"version-history":[{"count":28,"href":"https:\/\/www.accscicn.com\/es\/wp-json\/wp\/v2\/pages\/25285\/revisions"}],"predecessor-version":[{"id":26197,"href":"https:\/\/www.accscicn.com\/es\/wp-json\/wp\/v2\/pages\/25285\/revisions\/26197"}],"wp:attachment":[{"href":"https:\/\/www.accscicn.com\/es\/wp-json\/wp\/v2\/media?parent=25285"}],"wp:term":[{"taxonomy":"category","embeddable":true,"href":"https:\/\/www.accscicn.com\/es\/wp-json\/wp\/v2\/categories?post=25285"},{"taxonomy":"post_tag","embeddable":true,"href":"https:\/\/www.accscicn.com\/es\/wp-json\/wp\/v2\/tags?post=25285"}],"curies":[{"name":"wp","href":"https:\/\/api.w.org\/{rel}","templated":true}]}}